{"id":28,"date":"2019-12-18T10:58:04","date_gmt":"2019-12-18T10:58:04","guid":{"rendered":"http:\/\/tirkatowice.serwisaut.pl\/?page_id=28"},"modified":"2024-08-22T07:09:47","modified_gmt":"2024-08-22T07:09:47","slug":"strona-glowna","status":"publish","type":"page","link":"https:\/\/tirkatowice.serwisaut.pl\/","title":{"rendered":"Strona g\u0142\u00f3wna"},"content":{"rendered":"<p>[et_pb_section fb_built=&#8221;1&#8243; fullwidth=&#8221;on&#8221; _builder_version=&#8221;4.16&#8243; global_colors_info=&#8221;{}&#8221;][et_pb_fullwidth_slider _builder_version=&#8221;4.16&#8243; global_colors_info=&#8221;{}&#8221; button_text_size__hover_enabled=&#8221;off&#8221; button_one_text_size__hover_enabled=&#8221;off&#8221; button_two_text_size__hover_enabled=&#8221;off&#8221; button_text_color__hover_enabled=&#8221;off&#8221; button_one_text_color__hover_enabled=&#8221;off&#8221; button_two_text_color__hover_enabled=&#8221;off&#8221; button_border_width__hover_enabled=&#8221;off&#8221; button_one_border_width__hover_enabled=&#8221;off&#8221; button_two_border_width__hover_enabled=&#8221;off&#8221; button_border_color__hover_enabled=&#8221;off&#8221; button_one_border_color__hover_enabled=&#8221;off&#8221; button_two_border_color__hover_enabled=&#8221;off&#8221; button_border_radius__hover_enabled=&#8221;off&#8221; button_one_border_radius__hover_enabled=&#8221;off&#8221; button_two_border_radius__hover_enabled=&#8221;off&#8221; button_letter_spacing__hover_enabled=&#8221;off&#8221; button_one_letter_spacing__hover_enabled=&#8221;off&#8221; button_two_letter_spacing__hover_enabled=&#8221;off&#8221; button_bg_color__hover_enabled=&#8221;off&#8221; button_one_bg_color__hover_enabled=&#8221;off&#8221; button_two_bg_color__hover_enabled=&#8221;off&#8221;][et_pb_slide heading=&#8221;Mobilny serwis TIR&#8221; button_text=&#8221;Zadzwo\u0144: 513 329 529&#8243; button_link=&#8221;tel:+48513329529&#8243; use_bg_overlay=&#8221;off&#8221; use_text_overlay=&#8221;on&#8221; text_overlay_color=&#8221;rgba(12,12,12,0.6)&#8221; _builder_version=&#8221;4.16&#8243; header_level=&#8221;h1&#8243; header_font=&#8221;|600|||||||&#8221; header_font_size=&#8221;40px&#8221; background_color=&#8221;#ffffff&#8221; background_image=&#8221;https:\/\/tirkatowice.serwisaut.pl\/wp-content\/uploads\/2019\/12\/Depositphotos_7905845_l-2015-\u2014-kopia.jpg&#8221; custom_button=&#8221;on&#8221; button_bg_color=&#8221;#e02b20&#8243; button_font=&#8221;||||||||&#8221; header_font_size_tablet=&#8221;&#8221; header_font_size_phone=&#8221;28px&#8221; header_font_size_last_edited=&#8221;on|phone&#8221; button_text_size_tablet=&#8221;&#8221; button_text_size_phone=&#8221;18px&#8221; button_text_size_last_edited=&#8221;on|desktop&#8221; global_colors_info=&#8221;{}&#8221; sticky_transition=&#8221;on&#8221; button_text_size__hover_enabled=&#8221;off&#8221; button_one_text_size__hover_enabled=&#8221;off&#8221; button_two_text_size__hover_enabled=&#8221;off&#8221; button_text_color__hover_enabled=&#8221;off&#8221; button_one_text_color__hover_enabled=&#8221;off&#8221; button_two_text_color__hover_enabled=&#8221;off&#8221; button_border_width__hover_enabled=&#8221;off&#8221; button_one_border_width__hover_enabled=&#8221;off&#8221; button_two_border_width__hover_enabled=&#8221;off&#8221; button_border_color__hover_enabled=&#8221;off&#8221; button_one_border_color__hover_enabled=&#8221;off&#8221; button_two_border_color__hover_enabled=&#8221;off&#8221; button_border_radius__hover_enabled=&#8221;off&#8221; button_one_border_radius__hover_enabled=&#8221;off&#8221; button_two_border_radius__hover_enabled=&#8221;off&#8221; button_letter_spacing__hover_enabled=&#8221;off&#8221; button_one_letter_spacing__hover_enabled=&#8221;off&#8221; button_two_letter_spacing__hover_enabled=&#8221;off&#8221; button_bg_color__hover_enabled=&#8221;off&#8221; button_one_bg_color__hover_enabled=&#8221;off&#8221; button_two_bg_color__hover_enabled=&#8221;off&#8221;]Naprawa aut ci\u0119\u017carowych (TIR) na drodze. Posiadamy specjalistyczny samoch\u00f3d serwisowy z niezb\u0119dnym wyposa\u017ceniem.<br \/>\n[\/et_pb_slide][\/et_pb_fullwidth_slider][\/et_pb_section][et_pb_section fb_built=&#8221;1&#8243; _builder_version=&#8221;4.16&#8243; background_color=&#8221;#e02b20&#8243; custom_padding=&#8221;6px|0px|0px|0px&#8221; global_colors_info=&#8221;{}&#8221;][et_pb_row _builder_version=&#8221;4.16&#8243; custom_padding=&#8221;7px|0px|11px|0px&#8221; global_colors_info=&#8221;{}&#8221;][et_pb_column type=&#8221;4_4&#8243; _builder_version=&#8221;4.16&#8243; custom_padding=&#8221;|||&#8221; global_colors_info=&#8221;{}&#8221; custom_padding__hover=&#8221;|||&#8221;][et_pb_text _builder_version=&#8221;4.16&#8243; global_colors_info=&#8221;{}&#8221;]<\/p>\n<h2><strong><span style=\"color: #ffffff;\">SERWIS TIR Z DOJAZDEM \u015aL\u0104SK, KATOWICE, CHORZ\u00d3W, BYTOM, TYCHY, ZABRZE<\/span><\/strong><\/h2>\n<p>[\/et_pb_text][\/et_pb_column][\/et_pb_row][\/et_pb_section][et_pb_section fb_built=&#8221;1&#8243; _builder_version=&#8221;4.16&#8243; custom_padding=&#8221;21px|0px|5px|0px&#8221; global_colors_info=&#8221;{}&#8221;][et_pb_row _builder_version=&#8221;4.16&#8243; global_colors_info=&#8221;{}&#8221; column_structure=&#8221;1_2,1_2&#8243;][et_pb_column type=&#8221;1_2&#8243; _builder_version=&#8221;4.16&#8243; custom_padding=&#8221;|||&#8221; global_colors_info=&#8221;{}&#8221; custom_padding__hover=&#8221;|||&#8221;][et_pb_image src=&#8221;https:\/\/tirkatowice.serwisaut.pl\/wp-content\/uploads\/2019\/12\/hezner-mobilny-serwis.jpg&#8221; align_tablet=&#8221;center&#8221; align_last_edited=&#8221;on|desktop&#8221; _builder_version=&#8221;4.16&#8243; custom_css_main_element=&#8221;box-shadow: 0px 0px 34px 0px rgba(0,0,0,.5);&#8221; global_colors_info=&#8221;{}&#8221; align_phone=&#8221;center&#8221;][\/et_pb_image][\/et_pb_column][et_pb_column type=&#8221;1_2&#8243; _builder_version=&#8221;4.16&#8243; custom_padding=&#8221;|||&#8221; global_colors_info=&#8221;{}&#8221; custom_padding__hover=&#8221;|||&#8221;][et_pb_text _builder_version=&#8221;4.16&#8243; global_colors_info=&#8221;{}&#8221;]<span style=\"font-size: large;\">Doje\u017cd\u017camy do aut ci\u0119\u017carowych wymagaj\u0105cych naprawy na drodze.\u00a0<\/span><span style=\"font-size: large;\">Mamy wiele lat do\u015bwiadczenia w naprawach aut ci\u0119\u017carowych, TIR, autobusy i inne auta.<\/span><\/p>\n<p style=\"text-align: center;\"><span style=\"font-size: large;\"><strong>Czekamy na Tw\u00f3j telefon &#8211; szybki dojazd.<\/strong><\/span><\/p>\n<p><span style=\"font-size: large;\">\u015awiadczymy, ca\u0142odobowo us\u0142ugi napraw pojazd\u00f3w ci\u0119\u017carowych oraz naczep.<\/span><\/p>\n<p><span style=\"font-size: large;\">Nasz <strong>mobilny serwis ci\u0119\u017car\u00f3wek<\/strong> oferujemy:<\/span><\/p>\n<ul>\n<li><span style=\"font-size: large;\">wymiana cz\u0119\u015bci eksploatacyjnych<\/span><\/li>\n<li><span style=\"font-size: large;\">naprawa usterek<\/span><\/li>\n<li><span style=\"font-size: large;\">wulkanizacja<\/span><\/li>\n<li><span style=\"font-size: large;\">pomoc drogowa<\/span><\/li>\n<li><span style=\"font-size: large;\">pomoc przy odpalaniu<\/span><\/li>\n<\/ul>\n<p>[\/et_pb_text][\/et_pb_column][\/et_pb_row][\/et_pb_section][et_pb_section fb_built=&#8221;1&#8243; _builder_version=&#8221;4.16&#8243; background_color=&#8221;#e8e8e8&#8243; custom_padding=&#8221;14px|0px|0px|0px&#8221; global_colors_info=&#8221;{}&#8221;][et_pb_row _builder_version=&#8221;4.16&#8243; custom_padding=&#8221;13px|0px|16px|0px&#8221; global_colors_info=&#8221;{}&#8221;][et_pb_column type=&#8221;4_4&#8243; _builder_version=&#8221;4.16&#8243; custom_padding=&#8221;|||&#8221; global_colors_info=&#8221;{}&#8221; custom_padding__hover=&#8221;|||&#8221;][et_pb_text _builder_version=&#8221;4.16&#8243; global_colors_info=&#8221;{}&#8221;]<\/p>\n<h3 style=\"text-align: center;\"><strong>Dlaczego warto skorzysta\u0107 z naszego serwisu mobilnego?<\/strong><\/h3>\n<p>[\/et_pb_text][\/et_pb_column][\/et_pb_row][\/et_pb_section][et_pb_section fb_built=&#8221;1&#8243; _builder_version=&#8221;4.16&#8243; custom_padding=&#8221;3px|0px|0px|0px&#8221; global_colors_info=&#8221;{}&#8221;][et_pb_row _builder_version=&#8221;4.16&#8243; global_colors_info=&#8221;{}&#8221;][et_pb_column type=&#8221;4_4&#8243; _builder_version=&#8221;4.16&#8243; custom_padding=&#8221;|||&#8221; global_colors_info=&#8221;{}&#8221; custom_padding__hover=&#8221;|||&#8221;][et_pb_text _builder_version=&#8221;4.16&#8243; global_colors_info=&#8221;{}&#8221;]<\/p>\n<h3><strong>Rozs\u0105dne stawki<\/strong><\/h3>\n<p>Ka\u017cda naprawa jest konsultowana telefonicznie w celu ustalenia zakresu napraw oraz kosztu cz\u0119\u015bci oraz naprawy.<\/p>\n<p><span style=\"font-size: 14px;\">Za naprawy wystawiamy faktur\u0119 potwierdzaj\u0105c\u0105 wykonanie zlecenia. Serdecznie zapraszamy.<\/span><br \/>\n[\/et_pb_text][et_pb_text _builder_version=&#8221;4.16&#8243; global_colors_info=&#8221;{}&#8221;]<\/p>\n<h3 style=\"text-align: right;\"><strong>Szybki dojazd<\/strong><\/h3>\n<div id=\"home_widget_2\" class=\"grid col-300\">\n<div id=\"text-3\" class=\"widget-wrapper widget_text\">\n<div class=\"textwidget\">\n<p style=\"text-align: right;\">Do ka\u017cdego zlecenia staramy si\u0119 dojecha\u0107 w mo\u017cliwie jak najkr\u00f3tszym czasie.<\/p>\n<p style=\"text-align: right;\">Na aucie zawsze posiadamy niezb\u0119dne narz\u0119dzia, kt\u00f3re przyspieszaj\u0105 nasze naprawy.<\/p>\n<\/div>\n<\/div>\n<\/div>\n<div id=\"home_widget_3\" class=\"grid col-300 fit\">\n<div id=\"text-5\" class=\"widget-wrapper widget_text\">\n<div id=\"widget-title-three\" class=\"widget-title-home\"><\/div>\n<\/div>\n<\/div>\n<p>[\/et_pb_text][et_pb_text _builder_version=&#8221;4.16&#8243; global_colors_info=&#8221;{}&#8221;]<\/p>\n<h3><strong>Dost\u0119p do cz\u0119\u015bci<\/strong><\/h3>\n<div id=\"home_widget_2\" class=\"grid col-300\">\n<div id=\"text-3\" class=\"widget-wrapper widget_text\">\n<div class=\"textwidget\">\n<div id=\"container\" class=\"hfeed\">\n<div id=\"wrapper\" class=\"clearfix\">\n<div id=\"content-outer\">\n<div id=\"widgets\" class=\"home-widgets\" role=\"complementary\">\n<div id=\"home_widget_3\" class=\"grid col-300 fit\">\n<div id=\"text-5\" class=\"widget-wrapper widget_text\">\n<div class=\"textwidget\">\n<p>Na terenie Unii Europejskiej posiadamy szybki dost\u0119p do cz\u0119\u015bci samochodowych. Najcz\u0119\u015bciej wymieniamy sprz\u0119g\u0142a, naprawiamy hamulce oraz naprawiamy silniki.<\/p>\n<p>Na stanie mamy interfejs diagnostyczny.<\/p>\n<\/div>\n<\/div>\n<\/div>\n<\/div>\n<\/div>\n<\/div>\n<\/div>\n<\/div>\n<\/div>\n<\/div>\n<p>[\/et_pb_text][\/et_pb_column][\/et_pb_row][\/et_pb_section][et_pb_section fb_built=&#8221;1&#8243; _builder_version=&#8221;4.16&#8243; background_color=&#8221;#e8e8e8&#8243; custom_padding=&#8221;14px|0px|0px|0px&#8221; global_colors_info=&#8221;{}&#8221;][et_pb_row _builder_version=&#8221;4.16&#8243; custom_padding=&#8221;19px|0px|27px|0px&#8221; global_colors_info=&#8221;{}&#8221;][et_pb_column type=&#8221;4_4&#8243; _builder_version=&#8221;4.16&#8243; custom_padding=&#8221;|||&#8221; global_colors_info=&#8221;{}&#8221; custom_padding__hover=&#8221;|||&#8221;][et_pb_text _builder_version=&#8221;4.16&#8243; global_colors_info=&#8221;{}&#8221;]<\/p>\n<h3 style=\"text-align: center;\"><strong>Gwarantujemy szybki dojazd na terenie ca\u0142ego wojew\u00f3dztwa \u015bl\u0105skiego<\/strong><\/h3>\n<p>[\/et_pb_text][\/et_pb_column][\/et_pb_row][\/et_pb_section][et_pb_section fb_built=&#8221;1&#8243; fullwidth=&#8221;on&#8221; _builder_version=&#8221;4.16&#8243; global_colors_info=&#8221;{}&#8221;][et_pb_fullwidth_code _builder_version=&#8221;4.27.0&#8243; hover_enabled=&#8221;0&#8243; global_colors_info=&#8221;{}&#8221; sticky_enabled=&#8221;0&#8243;]<iframe loading=\"lazy\" src=\"https:\/\/www.google.com\/maps\/embed?pb=!1m18!1m12!1m3!1d1306428.72980902!2d17.883217491176065!3d50.2430295799589!2m3!1f0!2f0!3f0!3m2!1i1024!2i768!4f13.1!3m3!1m2!1s0x4716ce5b8d29fe23%3A0xb0fe2f8aa0562457!2zxZtsxIVza2ll!5e0!3m2!1spl!2spl!4v1576669709894!5m2!1spl!2spl\" width=\"100%\" height=\"450\" frameborder=\"0\" style=\"border:0;\" allowfullscreen=\"\"><\/iframe>[\/et_pb_fullwidth_code][\/et_pb_section]<\/p>\n","protected":false},"excerpt":{"rendered":"<p>Naprawa aut ci\u0119\u017carowych (TIR) na drodze. Posiadamy specjalistyczny samoch\u00f3d serwisowy z niezb\u0119dnym wyposa\u017ceniem. SERWIS TIR Z DOJAZDEM \u015aL\u0104SK, KATOWICE, CHORZ\u00d3W, BYTOM, TYCHY, ZABRZE Doje\u017cd\u017camy do aut ci\u0119\u017carowych wymagaj\u0105cych naprawy na drodze.\u00a0Mamy wiele lat do\u015bwiadczenia w naprawach aut ci\u0119\u017carowych, TIR, autobusy i inne auta. Czekamy na Tw\u00f3j telefon &#8211; szybki dojazd. \u015awiadczymy, ca\u0142odobowo us\u0142ugi napraw pojazd\u00f3w [&hellip;]<\/p>\n","protected":false},"author":1,"featured_media":0,"parent":0,"menu_order":0,"comment_status":"closed","ping_status":"closed","template":"","meta":{"_et_pb_use_builder":"on","_et_pb_old_content":"","_et_gb_content_width":"","footnotes":""},"class_list":["post-28","page","type-page","status-publish","hentry"],"yoast_head":"<!-- This site is optimized with the Yoast SEO plugin v24.0 - https:\/\/yoast.com\/wordpress\/plugins\/seo\/ -->\n<title>tel: 513 329 529 MOBILNY SERWIS TIR KATOWICE A4<\/title>\n<meta name=\"description\" content=\"Zajmujemy si\u0119 napraw\u0105 aut ci\u0119\u017carowych na drodze. Nasz mobilny serwis ci\u0119\u017car\u00f3wek oferujemy:wymiana cz\u0119\u015bci, naprawa usterek, wulkanizacja,pomoc na drodze.\" \/>\n<meta name=\"robots\" content=\"index, follow, max-snippet:-1, max-image-preview:large, max-video-preview:-1\" \/>\n<link rel=\"canonical\" href=\"https:\/\/tirkatowice.serwisaut.pl\/\" \/>\n<meta property=\"og:locale\" content=\"pl_PL\" \/>\n<meta property=\"og:type\" content=\"article\" \/>\n<meta property=\"og:title\" content=\"tel: 513 329 529 MOBILNY SERWIS TIR KATOWICE A4\" \/>\n<meta property=\"og:description\" content=\"Zajmujemy si\u0119 napraw\u0105 aut ci\u0119\u017carowych na drodze. Nasz mobilny serwis ci\u0119\u017car\u00f3wek oferujemy:wymiana cz\u0119\u015bci, naprawa usterek, wulkanizacja,pomoc na drodze.\" \/>\n<meta property=\"og:url\" content=\"https:\/\/tirkatowice.serwisaut.pl\/\" \/>\n<meta property=\"og:site_name\" content=\"tel: 513 329 529 MOBILNY SERWIS TIR KATOWICE A4\" \/>\n<meta property=\"article:modified_time\" content=\"2024-08-22T07:09:47+00:00\" \/>\n<meta name=\"twitter:card\" content=\"summary_large_image\" \/>\n<meta name=\"twitter:label1\" content=\"Szacowany czas czytania\" \/>\n\t<meta name=\"twitter:data1\" content=\"5 minut\" \/>\n<script type=\"application\/ld+json\" class=\"yoast-schema-graph\">{\"@context\":\"https:\/\/schema.org\",\"@graph\":[{\"@type\":\"WebPage\",\"@id\":\"https:\/\/tirkatowice.serwisaut.pl\/\",\"url\":\"https:\/\/tirkatowice.serwisaut.pl\/\",\"name\":\"tel: 513 329 529 MOBILNY SERWIS TIR KATOWICE A4\",\"isPartOf\":{\"@id\":\"https:\/\/tirkatowice.serwisaut.pl\/#website\"},\"datePublished\":\"2019-12-18T10:58:04+00:00\",\"dateModified\":\"2024-08-22T07:09:47+00:00\",\"description\":\"Zajmujemy si\u0119 napraw\u0105 aut ci\u0119\u017carowych na drodze. Nasz mobilny serwis ci\u0119\u017car\u00f3wek oferujemy:wymiana cz\u0119\u015bci, naprawa usterek, wulkanizacja,pomoc na drodze.\",\"breadcrumb\":{\"@id\":\"https:\/\/tirkatowice.serwisaut.pl\/#breadcrumb\"},\"inLanguage\":\"pl-PL\",\"potentialAction\":[{\"@type\":\"ReadAction\",\"target\":[\"https:\/\/tirkatowice.serwisaut.pl\/\"]}]},{\"@type\":\"BreadcrumbList\",\"@id\":\"https:\/\/tirkatowice.serwisaut.pl\/#breadcrumb\",\"itemListElement\":[{\"@type\":\"ListItem\",\"position\":1,\"name\":\"Strona g\u0142\u00f3wna\",\"item\":\"https:\/\/tirkatowice.serwisaut.pl\/\"},{\"@type\":\"ListItem\",\"position\":2,\"name\":\"Strona g\u0142\u00f3wna\"}]},{\"@type\":\"WebSite\",\"@id\":\"https:\/\/tirkatowice.serwisaut.pl\/#website\",\"url\":\"https:\/\/tirkatowice.serwisaut.pl\/\",\"name\":\"tel: 513 329 529 MOBILNY SERWIS TIR KATOWICE A4\",\"description\":\"\",\"potentialAction\":[{\"@type\":\"SearchAction\",\"target\":{\"@type\":\"EntryPoint\",\"urlTemplate\":\"https:\/\/tirkatowice.serwisaut.pl\/?s={search_term_string}\"},\"query-input\":{\"@type\":\"PropertyValueSpecification\",\"valueRequired\":true,\"valueName\":\"search_term_string\"}}],\"inLanguage\":\"pl-PL\"}]}<\/script>\n<!-- \/ Yoast SEO plugin. -->","yoast_head_json":{"title":"tel: 513 329 529 MOBILNY SERWIS TIR KATOWICE A4","description":"Zajmujemy si\u0119 napraw\u0105 aut ci\u0119\u017carowych na drodze. Nasz mobilny serwis ci\u0119\u017car\u00f3wek oferujemy:wymiana cz\u0119\u015bci, naprawa usterek, wulkanizacja,pomoc na drodze.","robots":{"index":"index","follow":"follow","max-snippet":"max-snippet:-1","max-image-preview":"max-image-preview:large","max-video-preview":"max-video-preview:-1"},"canonical":"https:\/\/tirkatowice.serwisaut.pl\/","og_locale":"pl_PL","og_type":"article","og_title":"tel: 513 329 529 MOBILNY SERWIS TIR KATOWICE A4","og_description":"Zajmujemy si\u0119 napraw\u0105 aut ci\u0119\u017carowych na drodze. Nasz mobilny serwis ci\u0119\u017car\u00f3wek oferujemy:wymiana cz\u0119\u015bci, naprawa usterek, wulkanizacja,pomoc na drodze.","og_url":"https:\/\/tirkatowice.serwisaut.pl\/","og_site_name":"tel: 513 329 529 MOBILNY SERWIS TIR KATOWICE A4","article_modified_time":"2024-08-22T07:09:47+00:00","twitter_card":"summary_large_image","twitter_misc":{"Szacowany czas czytania":"5 minut"},"schema":{"@context":"https:\/\/schema.org","@graph":[{"@type":"WebPage","@id":"https:\/\/tirkatowice.serwisaut.pl\/","url":"https:\/\/tirkatowice.serwisaut.pl\/","name":"tel: 513 329 529 MOBILNY SERWIS TIR KATOWICE A4","isPartOf":{"@id":"https:\/\/tirkatowice.serwisaut.pl\/#website"},"datePublished":"2019-12-18T10:58:04+00:00","dateModified":"2024-08-22T07:09:47+00:00","description":"Zajmujemy si\u0119 napraw\u0105 aut ci\u0119\u017carowych na drodze. Nasz mobilny serwis ci\u0119\u017car\u00f3wek oferujemy:wymiana cz\u0119\u015bci, naprawa usterek, wulkanizacja,pomoc na drodze.","breadcrumb":{"@id":"https:\/\/tirkatowice.serwisaut.pl\/#breadcrumb"},"inLanguage":"pl-PL","potentialAction":[{"@type":"ReadAction","target":["https:\/\/tirkatowice.serwisaut.pl\/"]}]},{"@type":"BreadcrumbList","@id":"https:\/\/tirkatowice.serwisaut.pl\/#breadcrumb","itemListElement":[{"@type":"ListItem","position":1,"name":"Strona g\u0142\u00f3wna","item":"https:\/\/tirkatowice.serwisaut.pl\/"},{"@type":"ListItem","position":2,"name":"Strona g\u0142\u00f3wna"}]},{"@type":"WebSite","@id":"https:\/\/tirkatowice.serwisaut.pl\/#website","url":"https:\/\/tirkatowice.serwisaut.pl\/","name":"tel: 513 329 529 MOBILNY SERWIS TIR KATOWICE A4","description":"","potentialAction":[{"@type":"SearchAction","target":{"@type":"EntryPoint","urlTemplate":"https:\/\/tirkatowice.serwisaut.pl\/?s={search_term_string}"},"query-input":{"@type":"PropertyValueSpecification","valueRequired":true,"valueName":"search_term_string"}}],"inLanguage":"pl-PL"}]}},"_links":{"self":[{"href":"https:\/\/tirkatowice.serwisaut.pl\/index.php?rest_route=\/wp\/v2\/pages\/28"}],"collection":[{"href":"https:\/\/tirkatowice.serwisaut.pl\/index.php?rest_route=\/wp\/v2\/pages"}],"about":[{"href":"https:\/\/tirkatowice.serwisaut.pl\/index.php?rest_route=\/wp\/v2\/types\/page"}],"author":[{"embeddable":true,"href":"https:\/\/tirkatowice.serwisaut.pl\/index.php?rest_route=\/wp\/v2\/users\/1"}],"replies":[{"embeddable":true,"href":"https:\/\/tirkatowice.serwisaut.pl\/index.php?rest_route=%2Fwp%2Fv2%2Fcomments&post=28"}],"version-history":[{"count":21,"href":"https:\/\/tirkatowice.serwisaut.pl\/index.php?rest_route=\/wp\/v2\/pages\/28\/revisions"}],"predecessor-version":[{"id":86,"href":"https:\/\/tirkatowice.serwisaut.pl\/index.php?rest_route=\/wp\/v2\/pages\/28\/revisions\/86"}],"wp:attachment":[{"href":"https:\/\/tirkatowice.serwisaut.pl\/index.php?rest_route=%2Fwp%2Fv2%2Fmedia&parent=28"}],"curies":[{"name":"wp","href":"https:\/\/api.w.org\/{rel}","templated":true}]}}